{"id":16170,"date":"2024-09-18T21:28:20","date_gmt":"2024-09-18T19:28:20","guid":{"rendered":"https:\/\/arthubcopenhagen.net\/?page_id=16170"},"modified":"2024-09-18T21:32:54","modified_gmt":"2024-09-18T19:32:54","slug":"artistic-research","status":"publish","type":"page","link":"https:\/\/arthubcopenhagen.net\/en\/artistic-research\/","title":{"rendered":"Artistic Research"},"content":{"rendered":"<p>AHC forst\u00e5r praksisbaseret forskning som en ramme for kunstnerisk t\u00e6nkning og fordybelse, der muligg\u00f8r eksperimenterende og spekulativ vidensproduktion i kunstfeltet. Vi betragter vores arbejde med kunstnerisk forskning som risikovillighed. Villighed til at lade eksperimentet, genforhandlingen, tv\u00e6rfagligheden og processen fylde og v\u00e6re det centrale i en kunstners praksis for en tid.<\/p>\n<p>Vi tror p\u00e5, at denne risikovillighed kan v\u00e6re med til at drive diskussionen om samtidens foruds\u00e6tninger for at lave kunst og v\u00e6re kunstner \u2013 og m\u00e5ske i endda v\u00e6re med til at diversificere og tydeligg\u00f8re kunstnerens arbejde og rolle i samfundet. Derfor er AHC v\u00e6rtsinstitution for kunstnerisk forskning, ligesom vi tilbyder mikroinstitutter og andre afpr\u00f8vende formater, hvor nye projekter kan udvikle sig. Se dem alle nedenfor.<\/p>\n","protected":false},"excerpt":{"rendered":"<p>AHC forst\u00e5r praksisbaseret forskning som en ramme for kunstnerisk t\u00e6nkning og fordybelse, der muligg\u00f8r eksperimenterende og spekulativ vidensproduktion i kunstfeltet. Vi betragter vores arbejde med kunstnerisk forskning som risikovillighed. Villighed til at lade eksperimentet, genforhandlingen, tv\u00e6rfagligheden og processen fylde og v\u00e6re det centrale i en kunstners praksis for en tid. Vi tror p\u00e5, at denne [&hellip;]<\/p>\n","protected":false},"author":3,"featured_media":0,"parent":0,"menu_order":0,"comment_status":"closed","ping_status":"closed","template":"template-modules.php","meta":{"_acf_changed":false,"footnotes":""},"class_list":["post-16170","page","type-page","status-publish","hentry"],"acf":[],"yoast_head":"<!-- This site is optimized with the Yoast SEO plugin v27.2 - https:\/\/yoast.com\/product\/yoast-seo-wordpress\/ -->\n<title>Artistic Research - Art Hub Copenhagen<\/title>\n<meta name=\"robots\" content=\"index, follow, max-snippet:-1, max-image-preview:large, max-video-preview:-1\" \/>\n<link rel=\"canonical\" href=\"https:\/\/arthubcopenhagen.net\/en\/artistic-research\/\" \/>\n<meta property=\"og:locale\" content=\"en_US\" \/>\n<meta property=\"og:type\" content=\"article\" \/>\n<meta property=\"og:title\" content=\"Artistic Research - Art Hub Copenhagen\" \/>\n<meta property=\"og:description\" content=\"AHC forst\u00e5r praksisbaseret forskning som en ramme for kunstnerisk t\u00e6nkning og fordybelse, der muligg\u00f8r eksperimenterende og spekulativ vidensproduktion i kunstfeltet. Vi betragter vores arbejde med kunstnerisk forskning som risikovillighed. Villighed til at lade eksperimentet, genforhandlingen, tv\u00e6rfagligheden og processen fylde og v\u00e6re det centrale i en kunstners praksis for en tid. Vi tror p\u00e5, at denne [&hellip;]\" \/>\n<meta property=\"og:url\" content=\"https:\/\/arthubcopenhagen.net\/en\/artistic-research\/\" \/>\n<meta property=\"og:site_name\" content=\"Art Hub Copenhagen\" \/>\n<meta property=\"article:modified_time\" content=\"2024-09-18T19:32:54+00:00\" \/>\n<meta name=\"twitter:card\" content=\"summary_large_image\" \/>\n<meta name=\"twitter:label1\" content=\"Est. reading time\" \/>\n\t<meta name=\"twitter:data1\" content=\"1 minute\" \/>\n<script type=\"application\/ld+json\" class=\"yoast-schema-graph\">{\"@context\":\"https:\/\/schema.org\",\"@graph\":[{\"@type\":\"WebPage\",\"@id\":\"https:\/\/arthubcopenhagen.net\/en\/artistic-research\/\",\"url\":\"https:\/\/arthubcopenhagen.net\/en\/artistic-research\/\",\"name\":\"Artistic Research - Art Hub Copenhagen\",\"isPartOf\":{\"@id\":\"https:\/\/arthubcopenhagen.net\/en\/#website\"},\"datePublished\":\"2024-09-18T19:28:20+00:00\",\"dateModified\":\"2024-09-18T19:32:54+00:00\",\"breadcrumb\":{\"@id\":\"https:\/\/arthubcopenhagen.net\/en\/artistic-research\/#breadcrumb\"},\"inLanguage\":\"en-US\",\"potentialAction\":[{\"@type\":\"ReadAction\",\"target\":[\"https:\/\/arthubcopenhagen.net\/en\/artistic-research\/\"]}]},{\"@type\":\"BreadcrumbList\",\"@id\":\"https:\/\/arthubcopenhagen.net\/en\/artistic-research\/#breadcrumb\",\"itemListElement\":[{\"@type\":\"ListItem\",\"position\":1,\"name\":\"Home\",\"item\":\"https:\/\/arthubcopenhagen.net\/en\/\"},{\"@type\":\"ListItem\",\"position\":2,\"name\":\"Artistic Research\"}]},{\"@type\":\"WebSite\",\"@id\":\"https:\/\/arthubcopenhagen.net\/en\/#website\",\"url\":\"https:\/\/arthubcopenhagen.net\/en\/\",\"name\":\"Art Hub Copenhagen\",\"description\":\"Art Hub Copenhagen\",\"potentialAction\":[{\"@type\":\"SearchAction\",\"target\":{\"@type\":\"EntryPoint\",\"urlTemplate\":\"https:\/\/arthubcopenhagen.net\/en\/?s={search_term_string}\"},\"query-input\":{\"@type\":\"PropertyValueSpecification\",\"valueRequired\":true,\"valueName\":\"search_term_string\"}}],\"inLanguage\":\"en-US\"}]}<\/script>\n<!-- \/ Yoast SEO plugin. -->","yoast_head_json":{"title":"Artistic Research - Art Hub Copenhagen","robots":{"index":"index","follow":"follow","max-snippet":"max-snippet:-1","max-image-preview":"max-image-preview:large","max-video-preview":"max-video-preview:-1"},"canonical":"https:\/\/arthubcopenhagen.net\/en\/artistic-research\/","og_locale":"en_US","og_type":"article","og_title":"Artistic Research - Art Hub Copenhagen","og_description":"AHC forst\u00e5r praksisbaseret forskning som en ramme for kunstnerisk t\u00e6nkning og fordybelse, der muligg\u00f8r eksperimenterende og spekulativ vidensproduktion i kunstfeltet. Vi betragter vores arbejde med kunstnerisk forskning som risikovillighed. Villighed til at lade eksperimentet, genforhandlingen, tv\u00e6rfagligheden og processen fylde og v\u00e6re det centrale i en kunstners praksis for en tid. Vi tror p\u00e5, at denne [&hellip;]","og_url":"https:\/\/arthubcopenhagen.net\/en\/artistic-research\/","og_site_name":"Art Hub Copenhagen","article_modified_time":"2024-09-18T19:32:54+00:00","twitter_card":"summary_large_image","twitter_misc":{"Est. reading time":"1 minute"},"schema":{"@context":"https:\/\/schema.org","@graph":[{"@type":"WebPage","@id":"https:\/\/arthubcopenhagen.net\/en\/artistic-research\/","url":"https:\/\/arthubcopenhagen.net\/en\/artistic-research\/","name":"Artistic Research - Art Hub Copenhagen","isPartOf":{"@id":"https:\/\/arthubcopenhagen.net\/en\/#website"},"datePublished":"2024-09-18T19:28:20+00:00","dateModified":"2024-09-18T19:32:54+00:00","breadcrumb":{"@id":"https:\/\/arthubcopenhagen.net\/en\/artistic-research\/#breadcrumb"},"inLanguage":"en-US","potentialAction":[{"@type":"ReadAction","target":["https:\/\/arthubcopenhagen.net\/en\/artistic-research\/"]}]},{"@type":"BreadcrumbList","@id":"https:\/\/arthubcopenhagen.net\/en\/artistic-research\/#breadcrumb","itemListElement":[{"@type":"ListItem","position":1,"name":"Home","item":"https:\/\/arthubcopenhagen.net\/en\/"},{"@type":"ListItem","position":2,"name":"Artistic Research"}]},{"@type":"WebSite","@id":"https:\/\/arthubcopenhagen.net\/en\/#website","url":"https:\/\/arthubcopenhagen.net\/en\/","name":"Art Hub Copenhagen","description":"Art Hub Copenhagen","potentialAction":[{"@type":"SearchAction","target":{"@type":"EntryPoint","urlTemplate":"https:\/\/arthubcopenhagen.net\/en\/?s={search_term_string}"},"query-input":{"@type":"PropertyValueSpecification","valueRequired":true,"valueName":"search_term_string"}}],"inLanguage":"en-US"}]}},"_links":{"self":[{"href":"https:\/\/arthubcopenhagen.net\/en\/wp-json\/wp\/v2\/pages\/16170","targetHints":{"allow":["GET"]}}],"collection":[{"href":"https:\/\/arthubcopenhagen.net\/en\/wp-json\/wp\/v2\/pages"}],"about":[{"href":"https:\/\/arthubcopenhagen.net\/en\/wp-json\/wp\/v2\/types\/page"}],"author":[{"embeddable":true,"href":"https:\/\/arthubcopenhagen.net\/en\/wp-json\/wp\/v2\/users\/3"}],"replies":[{"embeddable":true,"href":"https:\/\/arthubcopenhagen.net\/en\/wp-json\/wp\/v2\/comments?post=16170"}],"version-history":[{"count":8,"href":"https:\/\/arthubcopenhagen.net\/en\/wp-json\/wp\/v2\/pages\/16170\/revisions"}],"predecessor-version":[{"id":16219,"href":"https:\/\/arthubcopenhagen.net\/en\/wp-json\/wp\/v2\/pages\/16170\/revisions\/16219"}],"wp:attachment":[{"href":"https:\/\/arthubcopenhagen.net\/en\/wp-json\/wp\/v2\/media?parent=16170"}],"curies":[{"name":"wp","href":"https:\/\/api.w.org\/{rel}","templated":true}]}}